{"id":1071,"date":"2014-01-29T17:17:02","date_gmt":"2014-01-29T21:17:02","guid":{"rendered":"http:\/\/www.sisayonline.com\/?page_id=1071"},"modified":"2019-12-11T15:28:13","modified_gmt":"2019-12-11T19:28:13","slug":"1071-2","status":"publish","type":"page","link":"https:\/\/www.sisayonline.com\/es\/1071-2\/","title":{"rendered":"Bodas"},"content":{"rendered":"<p><\/p>\n<h1><em>Nuestras Bodas:<\/em><\/h1>\n<p style=\"float: left; width: 45%; text-align: justify;\">Playas hermosas y un perfecto cielo azul nos proporcionan la inspiraci\u00f3n para una boda impresionante. Flores hermosas, centros de mesa y fant\u00e1sticas decoraciones para la Ceremonia se unen para crear un d\u00eda m\u00e1gico crear el balance perfecto para su boda es nuestra pasi\u00f3n y nuestro motivado equipo le guiar\u00e1 durante todo el proceso.<br \/>\nTenemos un amplio portafolio de nuestro trabajo, y hablaremos de colores , estilo y dise\u00f1o para asegurar que nuestros dise\u00f1os florales complementan su boda en cada detalle . Nos puede contactar por tel\u00e9fono en 1 ( 809 ) 552-1231 correo electr\u00f3nico &#8211; info@sisayonline.com o nos puede visitar en nuestra tienda, la elecci\u00f3n es suya. <span style=\"text-decoration: underline;\"><strong><a href=\"http:\/\/www.sisayonline.com\/wedding-consultations-2\/\">Solicite nuestro cat\u00e1logo de bodas.<\/a><\/strong><\/span><\/p>\n<div style=\"float: right; width: 45%;\">\n<p><a href=\"http:\/\/www.sisayonline.com\/wp-content\/uploads\/2014\/01\/IMG_8813-e1473956463368.jpg\"><img loading=\"lazy\" decoding=\"async\" class=\"aligncenter size-large wp-image-3983\" src=\"http:\/\/www.sisayonline.com\/wp-content\/uploads\/2014\/01\/IMG_8813-e1473956463368-1024x579.jpg\" alt=\"img_8813\" width=\"690\" height=\"390\" srcset=\"https:\/\/www.sisayonline.com\/wp-content\/uploads\/2014\/01\/IMG_8813-e1473956463368-1024x579.jpg 1024w, https:\/\/www.sisayonline.com\/wp-content\/uploads\/2014\/01\/IMG_8813-e1473956463368-500x282.jpg 500w, https:\/\/www.sisayonline.com\/wp-content\/uploads\/2014\/01\/IMG_8813-e1473956463368-300x169.jpg 300w, https:\/\/www.sisayonline.com\/wp-content\/uploads\/2014\/01\/IMG_8813-e1473956463368-768x434.jpg 768w, https:\/\/www.sisayonline.com\/wp-content\/uploads\/2014\/01\/IMG_8813-e1473956463368.jpg 2048w\" sizes=\"(max-width: 690px) 100vw, 690px\" \/><\/a><\/p>\n<\/div>\n<p><\/p>","protected":false},"excerpt":{"rendered":"<p>Nuestras Bodas: Playas hermosas y un perfecto cielo azul nos proporcionan la inspiraci\u00f3n para una boda impresionante. Flores hermosas, centros de mesa y fant\u00e1sticas decoraciones para la Ceremonia se unen para crear un d\u00eda m\u00e1gico crear el balance perfecto para su boda es nuestra pasi\u00f3n y nuestro motivado equipo le guiar\u00e1 durante todo el proceso.<br \/><a class=\"moretag\" href=\"https:\/\/www.sisayonline.com\/es\/1071-2\/\">+ M\u00e1s informaci\u00f3n<\/a><\/p>\n","protected":false},"author":2,"featured_media":0,"parent":0,"menu_order":0,"comment_status":"closed","ping_status":"closed","template":"page-fullwidth.php","meta":{"_monsterinsights_skip_tracking":false,"_monsterinsights_sitenote_active":false,"_monsterinsights_sitenote_note":"","_monsterinsights_sitenote_category":0,"footnotes":""},"aioseo_notices":[],"_links":{"self":[{"href":"https:\/\/www.sisayonline.com\/es\/wp-json\/wp\/v2\/pages\/1071"}],"collection":[{"href":"https:\/\/www.sisayonline.com\/es\/wp-json\/wp\/v2\/pages"}],"about":[{"href":"https:\/\/www.sisayonline.com\/es\/wp-json\/wp\/v2\/types\/page"}],"author":[{"embeddable":true,"href":"https:\/\/www.sisayonline.com\/es\/wp-json\/wp\/v2\/users\/2"}],"replies":[{"embeddable":true,"href":"https:\/\/www.sisayonline.com\/es\/wp-json\/wp\/v2\/comments?post=1071"}],"version-history":[{"count":97,"href":"https:\/\/www.sisayonline.com\/es\/wp-json\/wp\/v2\/pages\/1071\/revisions"}],"predecessor-version":[{"id":1118,"href":"https:\/\/www.sisayonline.com\/es\/wp-json\/wp\/v2\/pages\/1071\/revisions\/1118"}],"wp:attachment":[{"href":"https:\/\/www.sisayonline.com\/es\/wp-json\/wp\/v2\/media?parent=1071"}],"curies":[{"name":"wp","href":"https:\/\/api.w.org\/{rel}","templated":true}]}}