{"id":212,"date":"2011-12-17T13:25:32","date_gmt":"2011-12-17T17:25:32","guid":{"rendered":"http:\/\/www.realestate-dr.com\/~sisayonl\/wordpress\/?page_id=212"},"modified":"2021-03-26T12:52:49","modified_gmt":"2021-03-26T16:52:49","slug":"about-us","status":"publish","type":"page","link":"https:\/\/www.sisayonline.com\/es\/about-us\/","title":{"rendered":"Sobre Nosotros"},"content":{"rendered":"<p><\/p>\n<p style=\"text-align: justify;\"><img loading=\"lazy\" decoding=\"async\" class=\"aligncenter size-full wp-image-3034\" src=\"http:\/\/www.sisayonline.com\/wp-content\/uploads\/2015\/03\/logo-webnew.png\" alt=\"logo webnew\" width=\"232\" height=\"130\" \/>Flores Sisay es un proveedor integral de Flores, Regalos y Decoraci\u00f3n para el \u00e1rea de Punta Cana y B\u00e1varo. Pertenecemos a FTD \/ Interflora que nos da acceso a una red de m\u00e1s de 45.000 floristas de todo el mundo, lo que nos permite enviar o recibir ramos de flores y arreglos desde y hacia cualquier rinc\u00f3n del mundo. Tambi\u00e9n ofrecemos una selecta gama de productos decorativos para el hogar y las plantas para interiores y patios. SISAY Florister\u00edas tambi\u00e9n ofrece servicios personalizados de planificaci\u00f3n de la boda, que incluyen todas las decoraciones florales. Nuestros servicios de planificaci\u00f3n puede ser utilizado para baby showers y otros eventos tambi\u00e9n. La entrega se ofreci\u00f3 en toda la zona, incluida la playa de Uvero Alto, B\u00e1varo, Cabeza de Toro, Punta Cana y Cap Cana, Rep\u00fablica Dominicana.<\/p>\n<p><\/p>","protected":false},"excerpt":{"rendered":"<p>Flores Sisay es un proveedor integral de Flores, Regalos y Decoraci\u00f3n para el \u00e1rea de Punta Cana y B\u00e1varo. Pertenecemos a FTD \/ Interflora que nos da acceso a una red de m\u00e1s de 45.000 floristas de todo el mundo, lo que nos permite enviar o recibir ramos de flores y arreglos desde y hacia<br \/><a class=\"moretag\" href=\"https:\/\/www.sisayonline.com\/es\/about-us\/\">+ M\u00e1s informaci\u00f3n<\/a><\/p>\n","protected":false},"author":2,"featured_media":0,"parent":0,"menu_order":0,"comment_status":"closed","ping_status":"closed","template":"page-fullwidth.php","meta":{"_monsterinsights_skip_tracking":false,"_monsterinsights_sitenote_active":false,"_monsterinsights_sitenote_note":"","_monsterinsights_sitenote_category":0,"footnotes":""},"aioseo_notices":[],"_links":{"self":[{"href":"https:\/\/www.sisayonline.com\/es\/wp-json\/wp\/v2\/pages\/212"}],"collection":[{"href":"https:\/\/www.sisayonline.com\/es\/wp-json\/wp\/v2\/pages"}],"about":[{"href":"https:\/\/www.sisayonline.com\/es\/wp-json\/wp\/v2\/types\/page"}],"author":[{"embeddable":true,"href":"https:\/\/www.sisayonline.com\/es\/wp-json\/wp\/v2\/users\/2"}],"replies":[{"embeddable":true,"href":"https:\/\/www.sisayonline.com\/es\/wp-json\/wp\/v2\/comments?post=212"}],"version-history":[{"count":20,"href":"https:\/\/www.sisayonline.com\/es\/wp-json\/wp\/v2\/pages\/212\/revisions"}],"predecessor-version":[{"id":655,"href":"https:\/\/www.sisayonline.com\/es\/wp-json\/wp\/v2\/pages\/212\/revisions\/655"}],"wp:attachment":[{"href":"https:\/\/www.sisayonline.com\/es\/wp-json\/wp\/v2\/media?parent=212"}],"curies":[{"name":"wp","href":"https:\/\/api.w.org\/{rel}","templated":true}]}}