{"id":3779,"date":"2016-08-09T11:22:07","date_gmt":"2016-08-09T15:22:07","guid":{"rendered":"http:\/\/www.sisayonline.com\/?post_type=product&#038;p=3779"},"modified":"2024-06-18T11:39:26","modified_gmt":"2024-06-18T15:39:26","slug":"all-my-love","status":"publish","type":"product","link":"https:\/\/www.sisayonline.com\/es\/product\/all-my-love\/","title":{"rendered":"Todo mi Amor"},"content":{"rendered":"<p><\/p>\n<h3>Todo mi Amor<\/h3>\n<p style=\"text-align: justify;\">Incluye:<\/p>\n<ul>\n<li style=\"text-align: justify;\">7 rosas<\/li>\n<li style=\"text-align: justify;\">4 tallos de lilium (8-9 flores)<\/li>\n<li style=\"text-align: justify;\">Eucalyptus<\/li>\n<\/ul>\n<h6><\/h6>\n<h6>We deliver to your hotel at Punta cana; B\u00e1varo Princess || Be Live Hotel || Breathless || Caribe Club Princess || Catalonia B\u00e1varo Beach || Catalonia Royal B\u00e1varo || Club Med Punta Cana || CHIC Punta Cana || Dreams Palm Beach || Dreams Punta Cana || Eden Roc at Cap Cana || Excellence Punta Cana || Four Points by Sheraton || Grand Palladium || Hard Rock Hotel &amp; Casino Punta Cana || Iberostar Punta Cana || Iberostar Dominicana || Iberostar Grand Hotel B\u00e1varo || IFA Villas B\u00e1varo || Le Sivory Punta Cana || Lifestyle Holiday Vacation Club || Majestic Colonial || Majestic Elegance || Magestic Mirage || Meli\u00e1 Caribe Tropical || Memories Splash Punta Cana || Natura Park || NH Punta Cana || Now Larimar Punta Cana || Occidental Grand Punta Cana || Occidental Caribe || Punta Cana Princess|| Paradisus Palma Real|| Paradisus Punta Cana|| Riu Rep\u00fablica||Riu Naiboa || Riu Palace || Royalton Punta Cana || Royalton B\u00e1varo|| Sanctuary Cap Cana|| Secrets Royal Beach || Sirenis Cocotal || Sirenis Tropical beach || The Golf Suites|| The Westin Punta Cana || Tortuga Bay || Tropical Princess || Vista Sol Punta Cana || Whala B\u00e1varo || Zoetry Agua Resort<\/h6>\n<h6><a href=\"http:\/\/www.sisayonline.com\/hotel-delivery-policy\/\">Terms &amp; Conditions \/ Hotel Delivery Policy<\/a><\/h6>\n<p><\/p>","protected":false},"excerpt":{"rendered":"<p>Hermoso arreglo de\u00a0 rosas y lilium, presentados en una elegante base de cristal.<\/p>\n","protected":false},"featured_media":5412,"comment_status":"open","ping_status":"closed","template":"","meta":{"_monsterinsights_skip_tracking":false,"_monsterinsights_sitenote_active":false,"_monsterinsights_sitenote_note":"","_monsterinsights_sitenote_category":0},"product_cat":[55,56,47,59,169,74],"product_tag":[71,72,64,70,73,61],"aioseo_notices":[],"_links":{"self":[{"href":"https:\/\/www.sisayonline.com\/es\/wp-json\/wp\/v2\/product\/3779"}],"collection":[{"href":"https:\/\/www.sisayonline.com\/es\/wp-json\/wp\/v2\/product"}],"about":[{"href":"https:\/\/www.sisayonline.com\/es\/wp-json\/wp\/v2\/types\/product"}],"replies":[{"embeddable":true,"href":"https:\/\/www.sisayonline.com\/es\/wp-json\/wp\/v2\/comments?post=3779"}],"wp:featuredmedia":[{"embeddable":true,"href":"https:\/\/www.sisayonline.com\/es\/wp-json\/wp\/v2\/media\/5412"}],"wp:attachment":[{"href":"https:\/\/www.sisayonline.com\/es\/wp-json\/wp\/v2\/media?parent=3779"}],"wp:term":[{"taxonomy":"product_cat","embeddable":true,"href":"https:\/\/www.sisayonline.com\/es\/wp-json\/wp\/v2\/product_cat?post=3779"},{"taxonomy":"product_tag","embeddable":true,"href":"https:\/\/www.sisayonline.com\/es\/wp-json\/wp\/v2\/product_tag?post=3779"}],"curies":[{"name":"wp","href":"https:\/\/api.w.org\/{rel}","templated":true}]}}