{"id":3786,"date":"2016-10-07T12:22:05","date_gmt":"2016-10-07T16:22:05","guid":{"rendered":"http:\/\/www.sisayonline.com\/?post_type=product&#038;p=3786"},"modified":"2024-06-18T11:39:26","modified_gmt":"2024-06-18T15:39:26","slug":"love-song","status":"publish","type":"product","link":"https:\/\/www.sisayonline.com\/es\/product\/love-song\/","title":{"rendered":"Canci\u00f3n de Amor"},"content":{"rendered":"<p>Incluye:<\/p>\n<p>&#8211; 31 rosas<br \/>\n&#8211; 10 claveles<br \/>\n&#8211; baby breath<br \/>\n&#8211; 5 flores de orqu\u00eddeas<br \/>\n&#8211; Follaje de temporada.<br \/>\n&#8211; 8\u2033 caja redonda<\/p>","protected":false},"excerpt":{"rendered":"<p>Aseg\u00farate de expresar tu amor de una forma elegante con este impresionante arreglo de rosas, claveles y flores de orqu\u00eddeas. Dise\u00f1ado para cautivar al estilo cl\u00e1sico.<\/p>\n","protected":false},"featured_media":6108,"comment_status":"closed","ping_status":"closed","template":"","meta":{"_monsterinsights_skip_tracking":false,"_monsterinsights_sitenote_active":false,"_monsterinsights_sitenote_note":"","_monsterinsights_sitenote_category":0},"product_cat":[47,169,74],"product_tag":[],"aioseo_notices":[],"_links":{"self":[{"href":"https:\/\/www.sisayonline.com\/es\/wp-json\/wp\/v2\/product\/3786"}],"collection":[{"href":"https:\/\/www.sisayonline.com\/es\/wp-json\/wp\/v2\/product"}],"about":[{"href":"https:\/\/www.sisayonline.com\/es\/wp-json\/wp\/v2\/types\/product"}],"replies":[{"embeddable":true,"href":"https:\/\/www.sisayonline.com\/es\/wp-json\/wp\/v2\/comments?post=3786"}],"wp:featuredmedia":[{"embeddable":true,"href":"https:\/\/www.sisayonline.com\/es\/wp-json\/wp\/v2\/media\/6108"}],"wp:attachment":[{"href":"https:\/\/www.sisayonline.com\/es\/wp-json\/wp\/v2\/media?parent=3786"}],"wp:term":[{"taxonomy":"product_cat","embeddable":true,"href":"https:\/\/www.sisayonline.com\/es\/wp-json\/wp\/v2\/product_cat?post=3786"},{"taxonomy":"product_tag","embeddable":true,"href":"https:\/\/www.sisayonline.com\/es\/wp-json\/wp\/v2\/product_tag?post=3786"}],"curies":[{"name":"wp","href":"https:\/\/api.w.org\/{rel}","templated":true}]}}