{"id":3789,"date":"2016-10-07T12:21:17","date_gmt":"2016-10-07T16:21:17","guid":{"rendered":"http:\/\/www.sisayonline.com\/?post_type=product&#038;p=3789"},"modified":"2024-06-18T11:39:26","modified_gmt":"2024-06-18T15:39:26","slug":"luxury-roses-gift-box","status":"publish","type":"product","link":"https:\/\/www.sisayonline.com\/es\/product\/luxury-roses-gift-box\/","title":{"rendered":"Luxury Roses Gift Box"},"content":{"rendered":"<p>Incluye:<\/p>\n<p>&#8211; 12 Rosas importadas rojas<br \/>\n&#8211; Peluche Te Amo 10&#8243; con coraz\u00f3n<br \/>\n&#8211; Caja peque\u00f1a de Chocolates<br \/>\n&#8211; Tarjeta<br \/>\n&#8211; Caja de regalo<\/p>","protected":false},"excerpt":{"rendered":"<p>Este fant\u00e1stico regalo env\u00eda un mensaje m\u00e1s claro que cualquier carta de amor. Env\u00eda a la persona que amas este encantador arreglo de 12 rosas rojas acompa\u00f1ado de un Peluche de 10&#8243; con mensaje de Amor y chocolates.<\/p>\n","protected":false},"featured_media":2758,"comment_status":"closed","ping_status":"closed","template":"","meta":{"_monsterinsights_skip_tracking":false,"_monsterinsights_sitenote_active":false,"_monsterinsights_sitenote_note":"","_monsterinsights_sitenote_category":0},"product_cat":[47,74],"product_tag":[],"aioseo_notices":[],"_links":{"self":[{"href":"https:\/\/www.sisayonline.com\/es\/wp-json\/wp\/v2\/product\/3789"}],"collection":[{"href":"https:\/\/www.sisayonline.com\/es\/wp-json\/wp\/v2\/product"}],"about":[{"href":"https:\/\/www.sisayonline.com\/es\/wp-json\/wp\/v2\/types\/product"}],"replies":[{"embeddable":true,"href":"https:\/\/www.sisayonline.com\/es\/wp-json\/wp\/v2\/comments?post=3789"}],"wp:featuredmedia":[{"embeddable":true,"href":"https:\/\/www.sisayonline.com\/es\/wp-json\/wp\/v2\/media\/2758"}],"wp:attachment":[{"href":"https:\/\/www.sisayonline.com\/es\/wp-json\/wp\/v2\/media?parent=3789"}],"wp:term":[{"taxonomy":"product_cat","embeddable":true,"href":"https:\/\/www.sisayonline.com\/es\/wp-json\/wp\/v2\/product_cat?post=3789"},{"taxonomy":"product_tag","embeddable":true,"href":"https:\/\/www.sisayonline.com\/es\/wp-json\/wp\/v2\/product_tag?post=3789"}],"curies":[{"name":"wp","href":"https:\/\/api.w.org\/{rel}","templated":true}]}}