{"id":3885,"date":"2016-10-07T15:24:19","date_gmt":"2016-10-07T19:24:19","guid":{"rendered":"http:\/\/www.sisayonline.com\/?post_type=product&#038;p=3885"},"modified":"2024-06-18T11:38:35","modified_gmt":"2024-06-18T15:38:35","slug":"birthday-celebration","status":"publish","type":"product","link":"https:\/\/www.sisayonline.com\/es\/product\/birthday-celebration\/","title":{"rendered":"Fiesta de Cumplea\u00f1os"},"content":{"rendered":"<p>Incluye:<\/p>\n<ul>\n<li>2 Globos met\u00e1licos medianos para cumplea\u00f1os.<\/li>\n<li>2\u00a0Globos metal\u00edcos peque\u00f1os para cumplea\u00f1os.<\/li>\n<li>15\u00a0Globos latex peque\u00f1os.<\/li>\n<li>1\u00a0Peluche mediano<\/li>\n<li>1 \u00a0Arreglo de claveles rojos con forma de coraz\u00f3n<\/li>\n<li>1\u00a0Caja de cart\u00f3n grande.<\/li>\n<\/ul>\n<p><\/p>","protected":false},"excerpt":{"rendered":"<p><em>La combinaci\u00f3n de colores en este fant\u00e1stico arreglo lo hacen un regalo perfecto\u00a0para\u00a0celebrar !<\/em><\/p>\n","protected":false},"featured_media":3492,"comment_status":"open","ping_status":"closed","template":"","meta":{"_monsterinsights_skip_tracking":false,"_monsterinsights_sitenote_active":false,"_monsterinsights_sitenote_note":"","_monsterinsights_sitenote_category":0},"product_cat":[55],"product_tag":[],"aioseo_notices":[],"_links":{"self":[{"href":"https:\/\/www.sisayonline.com\/es\/wp-json\/wp\/v2\/product\/3885"}],"collection":[{"href":"https:\/\/www.sisayonline.com\/es\/wp-json\/wp\/v2\/product"}],"about":[{"href":"https:\/\/www.sisayonline.com\/es\/wp-json\/wp\/v2\/types\/product"}],"replies":[{"embeddable":true,"href":"https:\/\/www.sisayonline.com\/es\/wp-json\/wp\/v2\/comments?post=3885"}],"wp:featuredmedia":[{"embeddable":true,"href":"https:\/\/www.sisayonline.com\/es\/wp-json\/wp\/v2\/media\/3492"}],"wp:attachment":[{"href":"https:\/\/www.sisayonline.com\/es\/wp-json\/wp\/v2\/media?parent=3885"}],"wp:term":[{"taxonomy":"product_cat","embeddable":true,"href":"https:\/\/www.sisayonline.com\/es\/wp-json\/wp\/v2\/product_cat?post=3885"},{"taxonomy":"product_tag","embeddable":true,"href":"https:\/\/www.sisayonline.com\/es\/wp-json\/wp\/v2\/product_tag?post=3885"}],"curies":[{"name":"wp","href":"https:\/\/api.w.org\/{rel}","templated":true}]}}