{"id":3942,"date":"2016-10-07T16:38:33","date_gmt":"2016-10-07T20:38:33","guid":{"rendered":"http:\/\/www.sisayonline.com\/?post_type=product&#038;p=3942"},"modified":"2024-06-18T11:37:45","modified_gmt":"2024-06-18T15:37:45","slug":"romantic-surprise","status":"publish","type":"product","link":"https:\/\/www.sisayonline.com\/es\/product\/romantic-surprise\/","title":{"rendered":"Sorpresa Romantica"},"content":{"rendered":"<p>Incluye:<\/p>\n<p>15 Rosas importadas<br \/>\n24 piezas de chocolate<br \/>\nCaja de regalo en forma de coraz\u00f3n.<\/p>","protected":false},"excerpt":{"rendered":"<p>Delicado y rom\u00e1ntico es esta combinaci\u00f3n de rosas y chocolates de suaves y hermosos colores. Un regalo elegante para toda ocasi\u00f3n.<\/p>\n","protected":false},"featured_media":7686,"comment_status":"closed","ping_status":"closed","template":"","meta":{"_monsterinsights_skip_tracking":false,"_monsterinsights_sitenote_active":false,"_monsterinsights_sitenote_note":"","_monsterinsights_sitenote_category":0},"product_cat":[55,56,47,59],"product_tag":[],"aioseo_notices":[],"_links":{"self":[{"href":"https:\/\/www.sisayonline.com\/es\/wp-json\/wp\/v2\/product\/3942"}],"collection":[{"href":"https:\/\/www.sisayonline.com\/es\/wp-json\/wp\/v2\/product"}],"about":[{"href":"https:\/\/www.sisayonline.com\/es\/wp-json\/wp\/v2\/types\/product"}],"replies":[{"embeddable":true,"href":"https:\/\/www.sisayonline.com\/es\/wp-json\/wp\/v2\/comments?post=3942"}],"wp:featuredmedia":[{"embeddable":true,"href":"https:\/\/www.sisayonline.com\/es\/wp-json\/wp\/v2\/media\/7686"}],"wp:attachment":[{"href":"https:\/\/www.sisayonline.com\/es\/wp-json\/wp\/v2\/media?parent=3942"}],"wp:term":[{"taxonomy":"product_cat","embeddable":true,"href":"https:\/\/www.sisayonline.com\/es\/wp-json\/wp\/v2\/product_cat?post=3942"},{"taxonomy":"product_tag","embeddable":true,"href":"https:\/\/www.sisayonline.com\/es\/wp-json\/wp\/v2\/product_tag?post=3942"}],"curies":[{"name":"wp","href":"https:\/\/api.w.org\/{rel}","templated":true}]}}