{"id":3949,"date":"2016-10-07T16:41:29","date_gmt":"2016-10-07T20:41:29","guid":{"rendered":"http:\/\/www.sisayonline.com\/?post_type=product&#038;p=3949"},"modified":"2024-06-18T11:37:44","modified_gmt":"2024-06-18T15:37:44","slug":"loving-flowers","status":"publish","type":"product","link":"https:\/\/www.sisayonline.com\/es\/product\/loving-flowers\/","title":{"rendered":"Loving Flowers"},"content":{"rendered":"<p>Incluye:<\/p>\n<ul>\n<li>2 Hortensias<\/li>\n<li>20 Rosas<\/li>\n<li>4 Chrysanthemums o lisianthus<\/li>\n<li>Orquideas<\/li>\n<li>flores blancas de temporada<\/li>\n<li>toques verdes<\/li>\n<li>Base de cristal con hojas verdes<\/li>\n<\/ul>\n<p><\/p>","protected":false},"excerpt":{"rendered":"<p>Espectacular arreglo floral con hermosas rosas, elegantes hortensias y exquisitas flores de orquideas cymbidium, perfectamente combinadas con acentos grises y verde fresco. Presentado dentro de un florero de cristal.<\/p>\n<p><em><span style=\"color: #999999;\">Sustituciones:<\/span><\/em><br \/>\n<em><span style=\"color: #999999;\">Tenga en cuenta que las fotos y presentaci\u00f3n de los arreglos representan un estilo general, aspecto y sensaci\u00f3n que, en algunos casos, es posible que no podamos replicar de forma id\u00e9ntica (a veces tenemos que hacer sustituciones debido a la madre naturaleza), en cualquier caso \u00a1nos aseguraremos de que sus flores sean igual de hermosas, frescas y que su destinatario las adore!<\/span><\/em><\/p>\n","protected":false},"featured_media":7168,"comment_status":"closed","ping_status":"closed","template":"","meta":{"_monsterinsights_skip_tracking":false,"_monsterinsights_sitenote_active":false,"_monsterinsights_sitenote_note":"","_monsterinsights_sitenote_category":0},"product_cat":[91,55,56,47,59,74],"product_tag":[],"aioseo_notices":[],"_links":{"self":[{"href":"https:\/\/www.sisayonline.com\/es\/wp-json\/wp\/v2\/product\/3949"}],"collection":[{"href":"https:\/\/www.sisayonline.com\/es\/wp-json\/wp\/v2\/product"}],"about":[{"href":"https:\/\/www.sisayonline.com\/es\/wp-json\/wp\/v2\/types\/product"}],"replies":[{"embeddable":true,"href":"https:\/\/www.sisayonline.com\/es\/wp-json\/wp\/v2\/comments?post=3949"}],"wp:featuredmedia":[{"embeddable":true,"href":"https:\/\/www.sisayonline.com\/es\/wp-json\/wp\/v2\/media\/7168"}],"wp:attachment":[{"href":"https:\/\/www.sisayonline.com\/es\/wp-json\/wp\/v2\/media?parent=3949"}],"wp:term":[{"taxonomy":"product_cat","embeddable":true,"href":"https:\/\/www.sisayonline.com\/es\/wp-json\/wp\/v2\/product_cat?post=3949"},{"taxonomy":"product_tag","embeddable":true,"href":"https:\/\/www.sisayonline.com\/es\/wp-json\/wp\/v2\/product_tag?post=3949"}],"curies":[{"name":"wp","href":"https:\/\/api.w.org\/{rel}","templated":true}]}}