{"id":3964,"date":"2016-10-07T16:42:37","date_gmt":"2016-10-07T20:42:37","guid":{"rendered":"http:\/\/www.sisayonline.com\/?post_type=product&#038;p=3964"},"modified":"2024-06-18T11:37:44","modified_gmt":"2024-06-18T15:37:44","slug":"damisela","status":"publish","type":"product","link":"https:\/\/www.sisayonline.com\/es\/product\/damisela\/","title":{"rendered":"Damisela"},"content":{"rendered":"<p>Incluye:<\/p>\n<ul>\n<li>12 Rosas<\/li>\n<li>4-5 tallos de orquideas<\/li>\n<li>hojas verdes<\/li>\n<li>Envoltura floral.<\/li>\n<\/ul>\n<p><\/p>","protected":false},"excerpt":{"rendered":"<p>Magn\u00edfico dise\u00f1o de rosas y orqu\u00eddeas, cuidadosamente dise\u00f1ado para cautivar y embellecer cualquier ocasi\u00f3n.<\/p>\n","protected":false},"featured_media":3965,"comment_status":"closed","ping_status":"closed","template":"","meta":{"_monsterinsights_skip_tracking":false,"_monsterinsights_sitenote_active":false,"_monsterinsights_sitenote_note":"","_monsterinsights_sitenote_category":0},"product_cat":[57,59],"product_tag":[],"aioseo_notices":[],"_links":{"self":[{"href":"https:\/\/www.sisayonline.com\/es\/wp-json\/wp\/v2\/product\/3964"}],"collection":[{"href":"https:\/\/www.sisayonline.com\/es\/wp-json\/wp\/v2\/product"}],"about":[{"href":"https:\/\/www.sisayonline.com\/es\/wp-json\/wp\/v2\/types\/product"}],"replies":[{"embeddable":true,"href":"https:\/\/www.sisayonline.com\/es\/wp-json\/wp\/v2\/comments?post=3964"}],"wp:featuredmedia":[{"embeddable":true,"href":"https:\/\/www.sisayonline.com\/es\/wp-json\/wp\/v2\/media\/3965"}],"wp:attachment":[{"href":"https:\/\/www.sisayonline.com\/es\/wp-json\/wp\/v2\/media?parent=3964"}],"wp:term":[{"taxonomy":"product_cat","embeddable":true,"href":"https:\/\/www.sisayonline.com\/es\/wp-json\/wp\/v2\/product_cat?post=3964"},{"taxonomy":"product_tag","embeddable":true,"href":"https:\/\/www.sisayonline.com\/es\/wp-json\/wp\/v2\/product_tag?post=3964"}],"curies":[{"name":"wp","href":"https:\/\/api.w.org\/{rel}","templated":true}]}}