{"id":3968,"date":"2016-10-07T16:44:54","date_gmt":"2016-10-07T20:44:54","guid":{"rendered":"http:\/\/www.sisayonline.com\/?post_type=product&#038;p=3968"},"modified":"2024-06-18T11:37:44","modified_gmt":"2024-06-18T15:37:44","slug":"25-roses-arrangement","status":"publish","type":"product","link":"https:\/\/www.sisayonline.com\/es\/product\/25-roses-arrangement\/","title":{"rendered":"25 Rosas en florero de cristal"},"content":{"rendered":"<p>Incluye:<\/p>\n<ul>\n<li>\u00a025 rosas importadas en todos rosados<\/li>\n<li>Follaje tropical.<\/li>\n<li>Base de cristal<\/li>\n<\/ul>\n<p><\/p>","protected":false},"excerpt":{"rendered":"<p>Hermoso arreglo de 25 rosas en tonos rosados. Un regalo perfecto para agradar a alguien especial en cualquier ocasi\u00f3n.<\/p>\n<p><span style=\"color: #808080;\"><em>Sustituciones:<\/em><\/span><br \/>\n<span style=\"color: #808080;\"><em>Tenga en cuenta que las fotos y presentaci\u00f3n de los arreglos representan un estilo general, aspecto y sensaci\u00f3n que, en algunos casos, es posible que no podamos replicar de forma id\u00e9ntica (a veces tenemos que hacer sustituciones debido a la madre naturaleza), en cualquier caso \u00a1nos aseguraremos de que sus flores sean igual de hermosas, frescas y que su destinatario las adore!<\/em><\/span><\/p>\n","protected":false},"featured_media":6448,"comment_status":"closed","ping_status":"closed","template":"","meta":{"_monsterinsights_skip_tracking":false,"_monsterinsights_sitenote_active":false,"_monsterinsights_sitenote_note":"","_monsterinsights_sitenote_category":0},"product_cat":[55,56,47,59,74],"product_tag":[],"aioseo_notices":[],"_links":{"self":[{"href":"https:\/\/www.sisayonline.com\/es\/wp-json\/wp\/v2\/product\/3968"}],"collection":[{"href":"https:\/\/www.sisayonline.com\/es\/wp-json\/wp\/v2\/product"}],"about":[{"href":"https:\/\/www.sisayonline.com\/es\/wp-json\/wp\/v2\/types\/product"}],"replies":[{"embeddable":true,"href":"https:\/\/www.sisayonline.com\/es\/wp-json\/wp\/v2\/comments?post=3968"}],"wp:featuredmedia":[{"embeddable":true,"href":"https:\/\/www.sisayonline.com\/es\/wp-json\/wp\/v2\/media\/6448"}],"wp:attachment":[{"href":"https:\/\/www.sisayonline.com\/es\/wp-json\/wp\/v2\/media?parent=3968"}],"wp:term":[{"taxonomy":"product_cat","embeddable":true,"href":"https:\/\/www.sisayonline.com\/es\/wp-json\/wp\/v2\/product_cat?post=3968"},{"taxonomy":"product_tag","embeddable":true,"href":"https:\/\/www.sisayonline.com\/es\/wp-json\/wp\/v2\/product_tag?post=3968"}],"curies":[{"name":"wp","href":"https:\/\/api.w.org\/{rel}","templated":true}]}}