{"id":4194,"date":"2016-10-17T17:19:09","date_gmt":"2016-10-17T21:19:09","guid":{"rendered":"http:\/\/www.sisayonline.com\/?post_type=product&#038;p=4194"},"modified":"2024-06-18T11:36:59","modified_gmt":"2024-06-18T15:36:59","slug":"happy-birthday-balloon","status":"publish","type":"product","link":"https:\/\/www.sisayonline.com\/es\/product\/happy-birthday-balloon\/","title":{"rendered":"Globo Feliz Cumplea\u00f1os"},"content":{"rendered":"<p>18&#8243; Globo met\u00e1lico Feliz cumplea\u00f1os. Con helio<\/p>","protected":false},"excerpt":{"rendered":"<p>18&#8243; Globo met\u00e1lico Feliz cumplea\u00f1os, inflado con helio.<\/p>\n<p>&nbsp;<\/p>\n<p><span style=\"color: #808080;\"><em>Nota: Los productos adicionales s\u00f3lo se pueden comprar\u00a0 acompa\u00f1ados de un producto o arreglo floral. Si se compra sin un producto floral, es posible que el art\u00edculo no se entregue.<\/em><\/span><\/p>\n<p>&nbsp;<\/p>\n","protected":false},"featured_media":6537,"comment_status":"closed","ping_status":"closed","template":"","meta":{"_monsterinsights_skip_tracking":false,"_monsterinsights_sitenote_active":false,"_monsterinsights_sitenote_note":"","_monsterinsights_sitenote_category":0},"product_cat":[69],"product_tag":[],"aioseo_notices":[],"_links":{"self":[{"href":"https:\/\/www.sisayonline.com\/es\/wp-json\/wp\/v2\/product\/4194"}],"collection":[{"href":"https:\/\/www.sisayonline.com\/es\/wp-json\/wp\/v2\/product"}],"about":[{"href":"https:\/\/www.sisayonline.com\/es\/wp-json\/wp\/v2\/types\/product"}],"replies":[{"embeddable":true,"href":"https:\/\/www.sisayonline.com\/es\/wp-json\/wp\/v2\/comments?post=4194"}],"wp:featuredmedia":[{"embeddable":true,"href":"https:\/\/www.sisayonline.com\/es\/wp-json\/wp\/v2\/media\/6537"}],"wp:attachment":[{"href":"https:\/\/www.sisayonline.com\/es\/wp-json\/wp\/v2\/media?parent=4194"}],"wp:term":[{"taxonomy":"product_cat","embeddable":true,"href":"https:\/\/www.sisayonline.com\/es\/wp-json\/wp\/v2\/product_cat?post=4194"},{"taxonomy":"product_tag","embeddable":true,"href":"https:\/\/www.sisayonline.com\/es\/wp-json\/wp\/v2\/product_tag?post=4194"}],"curies":[{"name":"wp","href":"https:\/\/api.w.org\/{rel}","templated":true}]}}