{"id":4197,"date":"2016-10-17T17:30:57","date_gmt":"2016-10-17T21:30:57","guid":{"rendered":"http:\/\/www.sisayonline.com\/?post_type=product&#038;p=4197"},"modified":"2024-06-18T11:36:59","modified_gmt":"2024-06-18T15:36:59","slug":"globo-feliz-cumpleanos-color-azul","status":"publish","type":"product","link":"https:\/\/www.sisayonline.com\/es\/product\/globo-feliz-cumpleanos-color-azul\/","title":{"rendered":"Globo feliz cumplea\u00f1os color azul con helio"},"content":{"rendered":"<p>Globo Met\u00e1lico de cumplea\u00f1os\u00a0 en colores negro y Azul, inflado con helio. 17&#8243;<\/p>","protected":false},"excerpt":{"rendered":"<p>Globo Met\u00e1lico de cumplea\u00f1os\u00a0 en colores negro y Azul, inflado con helio. 17&#8243;<\/p>\n<p><span style=\"color: #808080;\"><em>Nota: Los productos adicionales solo se pueden comprar\u00a0 acompa\u00f1ados de un producto o arreglo floral. Si se compra sin un producto floral, es posible que el art\u00edculo no se entregue.<\/em><\/span><\/p>\n<p>&nbsp;<\/p>\n<p>&nbsp;<\/p>\n","protected":false},"featured_media":4379,"comment_status":"closed","ping_status":"closed","template":"","meta":{"_monsterinsights_skip_tracking":false,"_monsterinsights_sitenote_active":false,"_monsterinsights_sitenote_note":"","_monsterinsights_sitenote_category":0},"product_cat":[69],"product_tag":[],"aioseo_notices":[],"_links":{"self":[{"href":"https:\/\/www.sisayonline.com\/es\/wp-json\/wp\/v2\/product\/4197"}],"collection":[{"href":"https:\/\/www.sisayonline.com\/es\/wp-json\/wp\/v2\/product"}],"about":[{"href":"https:\/\/www.sisayonline.com\/es\/wp-json\/wp\/v2\/types\/product"}],"replies":[{"embeddable":true,"href":"https:\/\/www.sisayonline.com\/es\/wp-json\/wp\/v2\/comments?post=4197"}],"wp:featuredmedia":[{"embeddable":true,"href":"https:\/\/www.sisayonline.com\/es\/wp-json\/wp\/v2\/media\/4379"}],"wp:attachment":[{"href":"https:\/\/www.sisayonline.com\/es\/wp-json\/wp\/v2\/media?parent=4197"}],"wp:term":[{"taxonomy":"product_cat","embeddable":true,"href":"https:\/\/www.sisayonline.com\/es\/wp-json\/wp\/v2\/product_cat?post=4197"},{"taxonomy":"product_tag","embeddable":true,"href":"https:\/\/www.sisayonline.com\/es\/wp-json\/wp\/v2\/product_tag?post=4197"}],"curies":[{"name":"wp","href":"https:\/\/api.w.org\/{rel}","templated":true}]}}