{"id":4408,"date":"2017-01-13T10:34:35","date_gmt":"2017-01-13T14:34:35","guid":{"rendered":"http:\/\/www.sisayonline.com\/?post_type=product&#038;p=4408"},"modified":"2024-06-18T11:36:59","modified_gmt":"2024-06-18T15:36:59","slug":"sv-001-heart-mine","status":"publish","type":"product","link":"https:\/\/www.sisayonline.com\/es\/product\/sv-001-heart-mine\/","title":{"rendered":"75 Roses Bouquet"},"content":{"rendered":"<p>Incluye:<\/p>\n<ul>\n<li>75 Rosas blancas<\/li>\n<li>Hojas verdes<\/li>\n<\/ul>\n<h6>We deliver to your hotel at Punta cana; B\u00e1varo Princess || Be Live Hotel || Breathless || Caribe Club Princess || Catalonia B\u00e1varo Beach || Catalonia Royal B\u00e1varo || Club Med Punta Cana || CHIC Punta Cana || Dreams Palm Beach || Dreams Punta Cana || Eden Roc at Cap Cana || Excellence Punta Cana || Four Points by Sheraton || Grand Palladium || Hard Rock Hotel &amp; Casino Punta Cana || Iberostar Punta Cana || Iberostar Dominicana || Iberostar Grand Hotel B\u00e1varo || IFA Villas B\u00e1varo || Le Sivory Punta Cana || Lifestyle Holiday Vacation Club || Majestic Colonial || Majestic Elegance || Magestic Mirage || Meli\u00e1 Caribe Tropical || Memories Splash Punta Cana || Natura Park || NH Punta Cana || Now Larimar Punta Cana || Occidental Grand Punta Cana || Occidental Caribe || Punta Cana Princess|| Paradisus Palma Real|| Paradisus Punta Cana|| Riu Rep\u00fablica||Riu Naiboa || Riu Palace || Royalton Punta Cana || Royalton B\u00e1varo|| Sanctuary Cap Cana|| Secrets Royal Beach || Sirenis Cocotal || Sirenis Tropical beach || The Golf Suites|| The Westin Punta Cana || Tortuga Bay || Tropical Princess || Vista Sol Punta Cana || Whala B\u00e1varo || Zoetry Agua Resort<\/h6>\n<h6><a href=\"http:\/\/www.sisayonline.com\/hotel-delivery-policy\/\">Terms &amp; Conditions \/ Hotel Delivery Policy<\/a><\/h6>\n<p>&nbsp;<\/p>","protected":false},"excerpt":{"rendered":"<p>Impresionante y hermoso ramo de 75 rosas blancas y frescas hojas verdes.<\/p>\n","protected":false},"featured_media":5460,"comment_status":"closed","ping_status":"closed","template":"","meta":{"_monsterinsights_skip_tracking":false,"_monsterinsights_sitenote_active":false,"_monsterinsights_sitenote_note":"","_monsterinsights_sitenote_category":0},"product_cat":[56,47,60,59,74],"product_tag":[116,76,143,54,50,78,131,75,142],"aioseo_notices":[],"_links":{"self":[{"href":"https:\/\/www.sisayonline.com\/es\/wp-json\/wp\/v2\/product\/4408"}],"collection":[{"href":"https:\/\/www.sisayonline.com\/es\/wp-json\/wp\/v2\/product"}],"about":[{"href":"https:\/\/www.sisayonline.com\/es\/wp-json\/wp\/v2\/types\/product"}],"replies":[{"embeddable":true,"href":"https:\/\/www.sisayonline.com\/es\/wp-json\/wp\/v2\/comments?post=4408"}],"wp:featuredmedia":[{"embeddable":true,"href":"https:\/\/www.sisayonline.com\/es\/wp-json\/wp\/v2\/media\/5460"}],"wp:attachment":[{"href":"https:\/\/www.sisayonline.com\/es\/wp-json\/wp\/v2\/media?parent=4408"}],"wp:term":[{"taxonomy":"product_cat","embeddable":true,"href":"https:\/\/www.sisayonline.com\/es\/wp-json\/wp\/v2\/product_cat?post=4408"},{"taxonomy":"product_tag","embeddable":true,"href":"https:\/\/www.sisayonline.com\/es\/wp-json\/wp\/v2\/product_tag?post=4408"}],"curies":[{"name":"wp","href":"https:\/\/api.w.org\/{rel}","templated":true}]}}