{"id":4903,"date":"2018-01-23T13:39:48","date_gmt":"2018-01-23T17:39:48","guid":{"rendered":"http:\/\/www.sisayonline.com\/?post_type=product&#038;p=4903"},"modified":"2024-06-18T11:34:22","modified_gmt":"2024-06-18T15:34:22","slug":"osito-de-peluche-pequeno","status":"publish","type":"product","link":"https:\/\/www.sisayonline.com\/es\/product\/osito-de-peluche-pequeno\/","title":{"rendered":"Osito de Peluche Peque\u00f1o"},"content":{"rendered":"<p>Osito de peluche peque\u00f1o 5&#8243; Altura.<\/p>","protected":false},"excerpt":{"rendered":"<p>Agrega un tierno complemento a tus flores con este adorable beb\u00e9 oso<br \/>\nTama\u00f1o: 5&#8243; H. Base no inclu\u00edda. La foto es s\u00f3lo como ilustraci\u00f3n.<\/p>\n<p><em><span style=\"color: #999999;\">Nota: Los productos adicionales s\u00f3lo se pueden comprar\u00a0 acompa\u00f1ados de un producto o arreglo floral. Si se compra sin un producto floral, es posible que el art\u00edculo no se entregue.<\/span><\/em><\/p>\n<p>&nbsp;<\/p>\n","protected":false},"featured_media":4907,"comment_status":"closed","ping_status":"closed","template":"","meta":{"_monsterinsights_skip_tracking":false,"_monsterinsights_sitenote_active":false,"_monsterinsights_sitenote_note":"","_monsterinsights_sitenote_category":0},"product_cat":[69],"product_tag":[],"aioseo_notices":[],"_links":{"self":[{"href":"https:\/\/www.sisayonline.com\/es\/wp-json\/wp\/v2\/product\/4903"}],"collection":[{"href":"https:\/\/www.sisayonline.com\/es\/wp-json\/wp\/v2\/product"}],"about":[{"href":"https:\/\/www.sisayonline.com\/es\/wp-json\/wp\/v2\/types\/product"}],"replies":[{"embeddable":true,"href":"https:\/\/www.sisayonline.com\/es\/wp-json\/wp\/v2\/comments?post=4903"}],"wp:featuredmedia":[{"embeddable":true,"href":"https:\/\/www.sisayonline.com\/es\/wp-json\/wp\/v2\/media\/4907"}],"wp:attachment":[{"href":"https:\/\/www.sisayonline.com\/es\/wp-json\/wp\/v2\/media?parent=4903"}],"wp:term":[{"taxonomy":"product_cat","embeddable":true,"href":"https:\/\/www.sisayonline.com\/es\/wp-json\/wp\/v2\/product_cat?post=4903"},{"taxonomy":"product_tag","embeddable":true,"href":"https:\/\/www.sisayonline.com\/es\/wp-json\/wp\/v2\/product_tag?post=4903"}],"curies":[{"name":"wp","href":"https:\/\/api.w.org\/{rel}","templated":true}]}}