{"id":5240,"date":"2018-07-26T10:50:52","date_gmt":"2018-07-26T14:50:52","guid":{"rendered":"http:\/\/www.sisayonline.com\/product\/escape-romantico\/"},"modified":"2024-06-18T11:34:22","modified_gmt":"2024-06-18T15:34:22","slug":"escape-romantico","status":"publish","type":"product","link":"https:\/\/www.sisayonline.com\/es\/product\/escape-romantico\/","title":{"rendered":"Escapada Rom\u00e1ntica"},"content":{"rendered":"<p>T\u00e9rminos y Condiciones<\/p>\n<p>Incluye:<\/p>\n<ul>\n<li>Botella de vino espumante<\/li>\n<li>Caja de chocolates<\/li>\n<li>Tarjeta Rom\u00e1ntica para mensaje.<\/li>\n<li>Ramo de tres rosas rojas<\/li>\n<\/ul>\n<p><\/p>","protected":false},"excerpt":{"rendered":"<div class=\"tw-swapa\" style=\"text-align: justify;\">\u00a1Nada te ayuda a celebrar mejor que nuestra canasta exclusiva para enamorados! Festejar con champagne, chocolates, deliciosa fruta fresca de temporada y rom\u00e1nticos petalos para decorar el ambiente, hace que un delicioso regalo se convierta en una ocasi\u00f3n muy especial. Ya sea solo, para hacer un picnic, una cena rom\u00e1ntica o como parte de in rico desayuno con champa\u00f1a en la cama, estamos seguros de que \u00e9ste es el regalo perfecto para complementar la ocasi\u00f3n.<\/div>\n","protected":false},"featured_media":5241,"comment_status":"closed","ping_status":"closed","template":"","meta":{"_monsterinsights_skip_tracking":false,"_monsterinsights_sitenote_active":false,"_monsterinsights_sitenote_note":"","_monsterinsights_sitenote_category":0},"product_cat":[128,47],"product_tag":[125,76,130,124,123,129],"aioseo_notices":[],"_links":{"self":[{"href":"https:\/\/www.sisayonline.com\/es\/wp-json\/wp\/v2\/product\/5240"}],"collection":[{"href":"https:\/\/www.sisayonline.com\/es\/wp-json\/wp\/v2\/product"}],"about":[{"href":"https:\/\/www.sisayonline.com\/es\/wp-json\/wp\/v2\/types\/product"}],"replies":[{"embeddable":true,"href":"https:\/\/www.sisayonline.com\/es\/wp-json\/wp\/v2\/comments?post=5240"}],"wp:featuredmedia":[{"embeddable":true,"href":"https:\/\/www.sisayonline.com\/es\/wp-json\/wp\/v2\/media\/5241"}],"wp:attachment":[{"href":"https:\/\/www.sisayonline.com\/es\/wp-json\/wp\/v2\/media?parent=5240"}],"wp:term":[{"taxonomy":"product_cat","embeddable":true,"href":"https:\/\/www.sisayonline.com\/es\/wp-json\/wp\/v2\/product_cat?post=5240"},{"taxonomy":"product_tag","embeddable":true,"href":"https:\/\/www.sisayonline.com\/es\/wp-json\/wp\/v2\/product_tag?post=5240"}],"curies":[{"name":"wp","href":"https:\/\/api.w.org\/{rel}","templated":true}]}}