{"id":5913,"date":"2019-11-03T11:57:52","date_gmt":"2019-11-03T15:57:52","guid":{"rendered":"https:\/\/www.sisayonline.com\/?post_type=product&#038;p=5913"},"modified":"2024-06-18T11:33:07","modified_gmt":"2024-06-18T15:33:07","slug":"nature-bridal-bouquet","status":"publish","type":"product","link":"https:\/\/www.sisayonline.com\/es\/product\/nature-bridal-bouquet\/","title":{"rendered":"Nature Ramo de Novia"},"content":{"rendered":"<p><span style=\"color: #333333;\"><strong>Incluye:<\/strong><\/span><\/p>\n<ul>\n<li><span style=\"color: #333333;\">Rosas, mini rosas, lisianthus, estaties, boquitas de Dragon<\/span><\/li>\n<li><span style=\"color: #333333;\">Hojas de eucalipto y Follaje de temporada<\/span><\/li>\n<\/ul>\n<p><div class=\"lgn_info\"><span style=\"color: #333333;\">Un vez realizado su pedido recibir\u00e1 un n\u00famero de confirmaci\u00f3n. Puede agregar notas a su pedido e indicarnos la hora de entrega deseada en el formulario de checkout. Si no va a recibir su pedido personalmente por favor haga los arreglos necesarios con su Coordinadora de Bodas para tener a alguien en el hotel o lugar donde se celebrara el evento, para asegurar la entrega adecuada. Por favor aseg\u00farese de rellenar correctamente los datos solicitados en el formulario de checkout. Una vez que su pedido haya sido confirmado, aplicara nuestra pol\u00edtica de Cambios y Cancelaciones. Para obtener m\u00e1s informaci\u00f3n, lea nuestros <a href=\"https:\/\/www.sisayonline.com\/hotel-delivery-policy\/\">t\u00e9rminos y condiciones.<\/a> <\/span><br \/>\n<span style=\"color: #333333;\">Para mantener la calidad y frescura de sus flores recomendamos que su pedido se reciba a m\u00e1s tardar dos horas antes del evento. Ofrecemos una garant\u00eda de 100% de puntualidad de entrega.<\/span><\/p>\n<p><span style=\"color: #333333;\">Nuestros precios se actualizan constantemente seg\u00fan la disponibilidad de las flores y los precios de mercado.<\/span><br \/>\n<span style=\"color: #333333;\">Si tiene alguna pregunta o comentario puede comunicarse con nosotros via email : <a href=\"mailto:info@sisayonline.com\">info@sisayonline.com<\/a><\/div><\/span><\/p>","protected":false},"excerpt":{"rendered":"<h3><span style=\"color: #333333;\">Sum\u00e9rgete en la fantas\u00eda, con este elegante y simple ramo de novia dise\u00f1ado con una hermosa mezcla de rosas, estaties, boquitas de dragon, lisianthus y hojas de eucalipto para complementar la novia mas elegante.<\/span><\/h3>\n<h3><span style=\"color: #333333;\">Nuestros arreglos florales son la manera perfecta de ahorrar en las flores de su boda y obtener una calidad y belleza excepcionales.<\/span><\/h3>\n<h3 style=\"text-align: left;\"><span style=\"color: #333333;\"><strong>Tiempo y recomendaciones de entrega<\/strong><\/span><br \/>\n<span style=\"color: #333333;\">Este ramo de novia requiere confirmacion\u00a0 5 d\u00edas antes de la fecha de entrega. Recomendamos encarecidamente que este producto se entregue dos horas antes del evento para mantener la calidad y frescura de sus flores.<\/span><\/h3>\n<h3><span style=\"color: #333333;\"><strong>\u00bfTe gustar\u00eda personalizar a\u00fan m\u00e1s tu ramo de novia?<\/strong><\/span><br \/>\n<span style=\"color: #333333;\">\u00a1No hay problema, solo env\u00edanos un correo a <a style=\"color: #333333;\" href=\"mailto:info@sisayonline.com\">info@sisayonline.com<\/a>\u00a0 y nos aseguraremos de dise\u00f1ar el ramo que desee!<\/span><\/h3>\n<h3><span style=\"color: #333333;\">Por favor lea atentamente el cuadro de descripci\u00f3n del producto a continuaci\u00f3n.<\/span><\/h3>\n<p>&nbsp;<\/p>\n","protected":false},"featured_media":5979,"comment_status":"open","ping_status":"closed","template":"","meta":{"_monsterinsights_skip_tracking":false,"_monsterinsights_sitenote_active":false,"_monsterinsights_sitenote_note":"","_monsterinsights_sitenote_category":0},"product_cat":[126,127],"product_tag":[162,163,164],"aioseo_notices":[],"_links":{"self":[{"href":"https:\/\/www.sisayonline.com\/es\/wp-json\/wp\/v2\/product\/5913"}],"collection":[{"href":"https:\/\/www.sisayonline.com\/es\/wp-json\/wp\/v2\/product"}],"about":[{"href":"https:\/\/www.sisayonline.com\/es\/wp-json\/wp\/v2\/types\/product"}],"replies":[{"embeddable":true,"href":"https:\/\/www.sisayonline.com\/es\/wp-json\/wp\/v2\/comments?post=5913"}],"wp:featuredmedia":[{"embeddable":true,"href":"https:\/\/www.sisayonline.com\/es\/wp-json\/wp\/v2\/media\/5979"}],"wp:attachment":[{"href":"https:\/\/www.sisayonline.com\/es\/wp-json\/wp\/v2\/media?parent=5913"}],"wp:term":[{"taxonomy":"product_cat","embeddable":true,"href":"https:\/\/www.sisayonline.com\/es\/wp-json\/wp\/v2\/product_cat?post=5913"},{"taxonomy":"product_tag","embeddable":true,"href":"https:\/\/www.sisayonline.com\/es\/wp-json\/wp\/v2\/product_tag?post=5913"}],"curies":[{"name":"wp","href":"https:\/\/api.w.org\/{rel}","templated":true}]}}