{"id":5947,"date":"2019-10-14T17:59:17","date_gmt":"2019-10-14T21:59:17","guid":{"rendered":"https:\/\/www.sisayonline.com\/?post_type=product&#038;p=5947"},"modified":"2024-06-18T11:33:07","modified_gmt":"2024-06-18T15:33:07","slug":"clarity-bridal-bouquet","status":"publish","type":"product","link":"https:\/\/www.sisayonline.com\/es\/product\/clarity-bridal-bouquet\/","title":{"rendered":"Clarity Ramo de Novia"},"content":{"rendered":"<p><strong>Incluye:<\/strong><\/p>\n<ul>\n<li>21 Rosas &#8211; Hojas de eucalipto.<\/li>\n<li>\u00a0Alfileres decorativos<\/li>\n<\/ul>\n<p><div class=\"lgn_info\"><span style=\"color: #333333;\">Un vez realizado su pedido recibir\u00e1 un n\u00famero de confirmaci\u00f3n. Puede agregar notas a su pedido e indicarnos la hora de entrega deseada en el formulario de checkout. Si no va a recibir su pedido personalmente por favor haga los arreglos necesarios con su Coordinadora de Bodas para tener a alguien en el hotel o lugar donde se celebrara el evento, para asegurar la entrega adecuada. Por favor aseg\u00farese de rellenar correctamente los datos solicitados en el formulario \u00a0 de checkout. Una vez que su pedido haya sido confirmado, aplicara nuestra pol\u00edtica de Cambios y Cancelaciones. Para obtener m\u00e1s informaci\u00f3n, lea nuestros<\/span> <a href=\"https:\/\/www.sisayonline.com\/hotel-delivery-policy\/\">t\u00e9rminos y condiciones.\u00a0<\/a><\/p>\n<p><span style=\"color: #333333;\">Para mantener la calidad y frescura de sus flores recomendamos que su pedido se reciba a m\u00e1s tardar dos horas antes del evento. Ofrecemos una garant\u00eda de 100% de puntualidad de entrega. <\/span><span style=\"color: #333333;\">Nuestros precios se actualizan constantemente seg\u00fan la disponibilidad de las flores y los precios de mercado. <\/span><span style=\"color: #333333;\">Si tiene alguna pregunta o comentario puede comunicarse con nosotros via email :<\/span><a href=\"mailto:info@sisayonline.com\"> info@sisayonline.com<\/a> <\/div><\/p>","protected":false},"excerpt":{"rendered":"<p>Elegante y sofisticado ramo de rosas, el look cl\u00e1sico para una entrada inolvidable.<\/p>\n<p>Nuestros arreglos florales son la manera perfecta de ahorrar en las flores de su boda y obtener una calidad y belleza excepcionales.<\/p>\n<p><strong>Tiempo y recomendaciones de entrega<\/strong><br \/>\nEste ramo de novia requiere confirmaci\u00f3n 3 d\u00edas antes de la fecha de entrega. Recomendamos encarecidamente que este producto se entregue dos horas antes del evento para mantener la calidad y frescura de sus flores.<\/p>\n<p><strong>\u00bfTe gustar\u00eda personalizar a\u00fan m\u00e1s tu ramo de novia?<\/strong><br \/>\n\u00a1No hay problema, solo env\u00edanos un correo a <a href=\"mailto:info@sisayonline.com\">info@sisayonline.com<\/a>\u00a0 y nos aseguraremos de dise\u00f1ar el ramo que desee!<\/p>\n<p>Por favor lea atentamente el cuadro de descripci\u00f3n del producto a continuaci\u00f3n.<\/p>\n<p>&nbsp;<\/p>\n","protected":false},"featured_media":5948,"comment_status":"open","ping_status":"closed","template":"","meta":{"_monsterinsights_skip_tracking":false,"_monsterinsights_sitenote_active":false,"_monsterinsights_sitenote_note":"","_monsterinsights_sitenote_category":0},"product_cat":[126,127],"product_tag":[162,163,164],"aioseo_notices":[],"_links":{"self":[{"href":"https:\/\/www.sisayonline.com\/es\/wp-json\/wp\/v2\/product\/5947"}],"collection":[{"href":"https:\/\/www.sisayonline.com\/es\/wp-json\/wp\/v2\/product"}],"about":[{"href":"https:\/\/www.sisayonline.com\/es\/wp-json\/wp\/v2\/types\/product"}],"replies":[{"embeddable":true,"href":"https:\/\/www.sisayonline.com\/es\/wp-json\/wp\/v2\/comments?post=5947"}],"wp:featuredmedia":[{"embeddable":true,"href":"https:\/\/www.sisayonline.com\/es\/wp-json\/wp\/v2\/media\/5948"}],"wp:attachment":[{"href":"https:\/\/www.sisayonline.com\/es\/wp-json\/wp\/v2\/media?parent=5947"}],"wp:term":[{"taxonomy":"product_cat","embeddable":true,"href":"https:\/\/www.sisayonline.com\/es\/wp-json\/wp\/v2\/product_cat?post=5947"},{"taxonomy":"product_tag","embeddable":true,"href":"https:\/\/www.sisayonline.com\/es\/wp-json\/wp\/v2\/product_tag?post=5947"}],"curies":[{"name":"wp","href":"https:\/\/api.w.org\/{rel}","templated":true}]}}