{"id":5966,"date":"2019-11-02T16:43:01","date_gmt":"2019-11-02T20:43:01","guid":{"rendered":"https:\/\/www.sisayonline.com\/?post_type=product&#038;p=5966"},"modified":"2024-06-18T11:33:07","modified_gmt":"2024-06-18T15:33:07","slug":"nature-head-piece","status":"publish","type":"product","link":"https:\/\/www.sisayonline.com\/es\/product\/nature-head-piece\/","title":{"rendered":"Nature Corona floral"},"content":{"rendered":"<p><strong>Incluye:<\/strong><\/p>\n<ul>\n<li>Hiedra, eucalipto, baby breath<\/li>\n<\/ul>\n<p><div class=\"lgn_info\"><span style=\"color: #333333;\">Un vez realizado su pedido recibir\u00e1 un n\u00famero de confirmaci\u00f3n. Puede agregar notas a su pedido e indicarnos la hora de entrega deseada en el formulario de checkout. Si no va a recibir su pedido personalmente por favor haga los arreglos necesarios con su Coordinadora de Bodas para tener a alguien en el hotel o lugar donde se celebrara el evento, para asegurar la entrega adecuada. Por favor aseg\u00farese de rellenar correctamente los datos solicitados en el formulario \u00a0 de checkout. Una vez que su pedido haya sido confirmado, aplicara nuestra pol\u00edtica de Cambios y Cancelaciones. Para obtener m\u00e1s informaci\u00f3n, lea nuestros<\/span> <a href=\"https:\/\/www.sisayonline.com\/hotel-delivery-policy\/\">t\u00e9rminos y condiciones.\u00a0<\/a><\/p>\n<p><span style=\"color: #333333;\">Para mantener la calidad y frescura de sus flores recomendamos que su pedido se reciba a m\u00e1s tardar dos horas antes del evento. Ofrecemos una garant\u00eda de 100% de puntualidad de entrega.<\/span><\/p>\n<p><span style=\"color: #333333;\">Nuestros precios se actualizan constantemente seg\u00fan la disponibilidad de las flores y los precios de mercado.<\/span><br \/>\n<span style=\"color: #333333;\">Si tiene alguna pregunta o comentario puede comunicarse con nosotros via email :<\/span><a href=\"mailto:info@sisayonline.com\"> info@sisayonline.com<\/a> <\/div><\/p>","protected":false},"excerpt":{"rendered":"<p>Dise\u00f1ado para complementar nuestro ramo de novia Nature, esta encantadora corona floral esta llena de encanto natural. Delicadas hojas de eucalipto y\u00a0 flores de baby breath est\u00e1n armoniosamente alambradas con hiedra fresca y follaje verde.<\/p>\n<p><strong>\u00bfTe gustar\u00eda personalizar a\u00fan m\u00e1s tus flores de boda?<\/strong><br \/>\n\u00a1No hay problema, solo env\u00edanos un correo a <a href=\"mailto:info@sisayonline.com\">info@sisayonline.com<\/a>\u00a0 y nos aseguraremos de dise\u00f1ar el ramo que desee!<\/p>\n<p>Por favor lea atentamente el cuadro de descripci\u00f3n del producto a continuaci\u00f3n.<\/p>\n<p>&nbsp;<\/p>\n","protected":false},"featured_media":6017,"comment_status":"open","ping_status":"closed","template":"","meta":{"_monsterinsights_skip_tracking":false,"_monsterinsights_sitenote_active":false,"_monsterinsights_sitenote_note":"","_monsterinsights_sitenote_category":0},"product_cat":[126,127],"product_tag":[162,163,164],"aioseo_notices":[],"_links":{"self":[{"href":"https:\/\/www.sisayonline.com\/es\/wp-json\/wp\/v2\/product\/5966"}],"collection":[{"href":"https:\/\/www.sisayonline.com\/es\/wp-json\/wp\/v2\/product"}],"about":[{"href":"https:\/\/www.sisayonline.com\/es\/wp-json\/wp\/v2\/types\/product"}],"replies":[{"embeddable":true,"href":"https:\/\/www.sisayonline.com\/es\/wp-json\/wp\/v2\/comments?post=5966"}],"wp:featuredmedia":[{"embeddable":true,"href":"https:\/\/www.sisayonline.com\/es\/wp-json\/wp\/v2\/media\/6017"}],"wp:attachment":[{"href":"https:\/\/www.sisayonline.com\/es\/wp-json\/wp\/v2\/media?parent=5966"}],"wp:term":[{"taxonomy":"product_cat","embeddable":true,"href":"https:\/\/www.sisayonline.com\/es\/wp-json\/wp\/v2\/product_cat?post=5966"},{"taxonomy":"product_tag","embeddable":true,"href":"https:\/\/www.sisayonline.com\/es\/wp-json\/wp\/v2\/product_tag?post=5966"}],"curies":[{"name":"wp","href":"https:\/\/api.w.org\/{rel}","templated":true}]}}