{"id":5968,"date":"2019-11-02T16:51:45","date_gmt":"2019-11-02T20:51:45","guid":{"rendered":"https:\/\/www.sisayonline.com\/?post_type=product&#038;p=5968"},"modified":"2024-06-18T11:33:07","modified_gmt":"2024-06-18T15:33:07","slug":"nature-boutonniere","status":"publish","type":"product","link":"https:\/\/www.sisayonline.com\/es\/product\/nature-boutonniere\/","title":{"rendered":"Nature Boutonniere"},"content":{"rendered":"<p><strong>Incluye:<\/strong><\/p>\n<ul>\n<li>Mini rosas, estaties y Follaje de temporada<\/li>\n<\/ul>\n<p><span style=\"color: #333333;\"><div class=\"lgn_info\"><span style=\"color: #000000;\">Un vez realizado su pedido recibir\u00e1 un n\u00famero de confirmaci\u00f3n. Puede agregar notas a su pedido e indicarnos la hora de entrega deseada en el formulario de checkout. Si no va a recibir su pedido personalmente por favor haga los arreglos necesarios con su Coordinadora de Bodas para tener a alguien en el hotel o lugar donde se celebrara el evento, para asegurar la entrega adecuada. Por favor aseg\u00farese de rellenar correctamente los datos solicitados en el formulario \u00a0 de checkout. Una vez que su pedido haya sido confirmado, aplicara nuestra pol\u00edtica de Cambios y Cancelaciones. Para obtener m\u00e1s informaci\u00f3n, lea nuestros<\/span> <a href=\"https:\/\/www.sisayonline.com\/hotel-delivery-policy\/\">t\u00e9rminos y condiciones.\u00a0<\/a><\/span><\/p>\n<p><span style=\"color: #000000;\">Para mantener la calidad y frescura de sus flores recomendamos que su pedido se reciba a m\u00e1s tardar dos horas antes del evento. Ofrecemos una garant\u00eda de 100% de puntualidad de entrega.<\/span><\/p>\n<p><span style=\"color: #000000;\">Nuestros precios se actualizan constantemente seg\u00fan la disponibilidad de las flores y los precios de mercado.<\/span><br \/>\n<span style=\"color: #333333;\"><span style=\"color: #000000;\">Si tiene alguna pregunta o comentario puede comunicarse con nosotros via email :<\/span> <a href=\"mailto:info@sisayonline.com\">info@sisayonline.com<\/a> <\/div><\/span><\/p>","protected":false},"excerpt":{"rendered":"<p>Hermoso y cl\u00e1sico Boutonniere de mini rosas y follaje de temporada.<\/p>\n<p>Este bot\u00f3n floral combina muy bien con nuestro ramo de novia Nature.<\/p>\n<p><strong>Tiempo y recomendaciones de entrega<\/strong><br \/>\nRecomendamos encarecidamente que este producto se entregue dos horas antes del evento para mantener la calidad y frescura de sus flores.<\/p>\n<p>Por favor lea atentamente el cuadro de descripci\u00f3n del producto a continuaci\u00f3n.<\/p>\n<p>&nbsp;<\/p>\n","protected":false},"featured_media":5983,"comment_status":"open","ping_status":"closed","template":"","meta":{"_monsterinsights_skip_tracking":false,"_monsterinsights_sitenote_active":false,"_monsterinsights_sitenote_note":"","_monsterinsights_sitenote_category":0},"product_cat":[126,165],"product_tag":[162,163,164],"aioseo_notices":[],"_links":{"self":[{"href":"https:\/\/www.sisayonline.com\/es\/wp-json\/wp\/v2\/product\/5968"}],"collection":[{"href":"https:\/\/www.sisayonline.com\/es\/wp-json\/wp\/v2\/product"}],"about":[{"href":"https:\/\/www.sisayonline.com\/es\/wp-json\/wp\/v2\/types\/product"}],"replies":[{"embeddable":true,"href":"https:\/\/www.sisayonline.com\/es\/wp-json\/wp\/v2\/comments?post=5968"}],"wp:featuredmedia":[{"embeddable":true,"href":"https:\/\/www.sisayonline.com\/es\/wp-json\/wp\/v2\/media\/5983"}],"wp:attachment":[{"href":"https:\/\/www.sisayonline.com\/es\/wp-json\/wp\/v2\/media?parent=5968"}],"wp:term":[{"taxonomy":"product_cat","embeddable":true,"href":"https:\/\/www.sisayonline.com\/es\/wp-json\/wp\/v2\/product_cat?post=5968"},{"taxonomy":"product_tag","embeddable":true,"href":"https:\/\/www.sisayonline.com\/es\/wp-json\/wp\/v2\/product_tag?post=5968"}],"curies":[{"name":"wp","href":"https:\/\/api.w.org\/{rel}","templated":true}]}}