{"id":5992,"date":"2019-11-04T15:39:19","date_gmt":"2019-11-04T19:39:19","guid":{"rendered":"https:\/\/www.sisayonline.com\/?post_type=product&#038;p=5992"},"modified":"2024-06-18T11:33:06","modified_gmt":"2024-06-18T15:33:06","slug":"bright-day","status":"publish","type":"product","link":"https:\/\/www.sisayonline.com\/es\/product\/bright-day\/","title":{"rendered":"Dia brillante"},"content":{"rendered":"<p><div class=\"col2\"><strong>Flores:<\/strong><br \/>\n11 Rosas<br \/>\nClaveles<br \/>\n4 Girasoles<br \/>\n5 Piezas de chocolate<\/p>\n<p>&nbsp;<\/p>\n<p><\/div> <div class=\"col2\"><strong>Follajes:<\/strong><br \/>\nFollaje de temporada<\/div><\/p>\n<p>&nbsp;<\/p>","protected":false},"excerpt":{"rendered":"<p>Regala a alguien especial un d\u00eda brillante con esta exquisita selecci\u00f3n de Girasoles y rosas presentadas en una base de madera con deliciosos chocolates. Una gran opci\u00f3n para decir, eres especial, te amo, feliz cumplea\u00f1os, bienvenida.<\/p>\n","protected":false},"featured_media":8242,"comment_status":"closed","ping_status":"closed","template":"","meta":{"_monsterinsights_skip_tracking":false,"_monsterinsights_sitenote_active":false,"_monsterinsights_sitenote_note":"","_monsterinsights_sitenote_category":0},"product_cat":[159,55,56,47,74],"product_tag":[],"aioseo_notices":[],"_links":{"self":[{"href":"https:\/\/www.sisayonline.com\/es\/wp-json\/wp\/v2\/product\/5992"}],"collection":[{"href":"https:\/\/www.sisayonline.com\/es\/wp-json\/wp\/v2\/product"}],"about":[{"href":"https:\/\/www.sisayonline.com\/es\/wp-json\/wp\/v2\/types\/product"}],"replies":[{"embeddable":true,"href":"https:\/\/www.sisayonline.com\/es\/wp-json\/wp\/v2\/comments?post=5992"}],"wp:featuredmedia":[{"embeddable":true,"href":"https:\/\/www.sisayonline.com\/es\/wp-json\/wp\/v2\/media\/8242"}],"wp:attachment":[{"href":"https:\/\/www.sisayonline.com\/es\/wp-json\/wp\/v2\/media?parent=5992"}],"wp:term":[{"taxonomy":"product_cat","embeddable":true,"href":"https:\/\/www.sisayonline.com\/es\/wp-json\/wp\/v2\/product_cat?post=5992"},{"taxonomy":"product_tag","embeddable":true,"href":"https:\/\/www.sisayonline.com\/es\/wp-json\/wp\/v2\/product_tag?post=5992"}],"curies":[{"name":"wp","href":"https:\/\/api.w.org\/{rel}","templated":true}]}}