{"id":7042,"date":"2021-11-09T11:10:49","date_gmt":"2021-11-09T15:10:49","guid":{"rendered":"https:\/\/www.sisayonline.com\/?post_type=product&#038;p=7042"},"modified":"2024-06-18T11:28:39","modified_gmt":"2024-06-18T15:28:39","slug":"its-a-boy-floral-basket","status":"publish","type":"product","link":"https:\/\/www.sisayonline.com\/es\/product\/its-a-boy-floral-basket\/","title":{"rendered":"Canasta floral Es ni\u00f1o!"},"content":{"rendered":"<p>Incluye:<\/p>\n<ul>\n<li>5 Rosas<\/li>\n<li>Lisianthus<\/li>\n<li>4-5 claveles<\/li>\n<li>2 Mini rosas<\/li>\n<li>\u00a0Boquitas de dragon<\/li>\n<li>Follaje de temporada<\/li>\n<li>Caja de regalo para beb\u00e9 tipo cuna<\/li>\n<li>Incluye globo peque\u00f1o de 4&#8243; y detalles decorativos para beb\u00e9.<\/li>\n<\/ul>\n<p><\/p>","protected":false},"excerpt":{"rendered":"<p>Celebre la llegada de un nuevo principe con este hermoso arreglo. Los encantadores tonos de azul, blanco y verde se combinan a la perfecci\u00f3n \u00a0a trav\u00e9s de una mezcla de rosas, claveles y flores frescas de temporada, presentadas en una delicada caja tipo cuna, perfecta para la ocasi\u00f3n.<\/p>\n<p><em><span style=\"color: #999999;\">Sustituciones:<\/span><\/em><br \/>\n<em><span style=\"color: #999999;\">Tenga en cuenta que las fotos y presentaci\u00f3n de los arreglos representan un estilo general, aspecto y sensaci\u00f3n que, en algunos casos, es posible que no podamos replicar de forma id\u00e9ntica (a veces tenemos que hacer sustituciones debido a la madre naturaleza), en cualquier caso \u00a1nos aseguraremos de que sus flores sean igual de hermosas, frescas y que su destinatario las adore!<\/span><\/em><\/p>\n","protected":false},"featured_media":7043,"comment_status":"closed","ping_status":"closed","template":"","meta":{"_monsterinsights_skip_tracking":false,"_monsterinsights_sitenote_active":false,"_monsterinsights_sitenote_note":"","_monsterinsights_sitenote_category":0},"product_cat":[176],"product_tag":[],"aioseo_notices":[],"_links":{"self":[{"href":"https:\/\/www.sisayonline.com\/es\/wp-json\/wp\/v2\/product\/7042"}],"collection":[{"href":"https:\/\/www.sisayonline.com\/es\/wp-json\/wp\/v2\/product"}],"about":[{"href":"https:\/\/www.sisayonline.com\/es\/wp-json\/wp\/v2\/types\/product"}],"replies":[{"embeddable":true,"href":"https:\/\/www.sisayonline.com\/es\/wp-json\/wp\/v2\/comments?post=7042"}],"wp:featuredmedia":[{"embeddable":true,"href":"https:\/\/www.sisayonline.com\/es\/wp-json\/wp\/v2\/media\/7043"}],"wp:attachment":[{"href":"https:\/\/www.sisayonline.com\/es\/wp-json\/wp\/v2\/media?parent=7042"}],"wp:term":[{"taxonomy":"product_cat","embeddable":true,"href":"https:\/\/www.sisayonline.com\/es\/wp-json\/wp\/v2\/product_cat?post=7042"},{"taxonomy":"product_tag","embeddable":true,"href":"https:\/\/www.sisayonline.com\/es\/wp-json\/wp\/v2\/product_tag?post=7042"}],"curies":[{"name":"wp","href":"https:\/\/api.w.org\/{rel}","templated":true}]}}