{"id":7078,"date":"2021-11-19T12:13:06","date_gmt":"2021-11-19T16:13:06","guid":{"rendered":"https:\/\/www.sisayonline.com\/?post_type=product&#038;p=7078"},"modified":"2024-06-18T11:28:39","modified_gmt":"2024-06-18T15:28:39","slug":"welcome-home-baby","status":"publish","type":"product","link":"https:\/\/www.sisayonline.com\/es\/product\/welcome-home-baby\/","title":{"rendered":"Bienvenido a casa beb\u00e9"},"content":{"rendered":"<p>Incluye:<\/p>\n<ul>\n<li>Arreglo de rosas, margaritas, astromelias y claveles.<\/li>\n<li>Osito de Peluche 10&#8243;<\/li>\n<li>Caja de chocolates<\/li>\n<li>Decoraci\u00f3n Globos<\/li>\n<li>Caja de madera<\/li>\n<\/ul>\n<p><\/p>","protected":false},"excerpt":{"rendered":"<p>Este arreglo presenta una asombrosa combinaci\u00f3n de flores, chocolates, peluche y globos. Un regalo para perfecto para celebrar la llegada del nuevo integrante de la familia.<\/p>\n<p><em><span style=\"color: #999999;\">Sustituciones:<\/span><\/em><br \/>\n<em><span style=\"color: #999999;\">Tenga en cuenta que las fotos y presentaci\u00f3n de los arreglos representan un estilo general, aspecto y sensaci\u00f3n que, en algunos casos, es posible que no podamos replicar de forma id\u00e9ntica (a veces tenemos que hacer sustituciones debido a la madre naturaleza), en cualquier caso \u00a1nos aseguraremos de que sus flores sean igual de hermosas, frescas y que su destinatario las adore!<\/span><\/em><\/p>\n","protected":false},"featured_media":7079,"comment_status":"closed","ping_status":"closed","template":"","meta":{"_monsterinsights_skip_tracking":false,"_monsterinsights_sitenote_active":false,"_monsterinsights_sitenote_note":"","_monsterinsights_sitenote_category":0},"product_cat":[176],"product_tag":[],"aioseo_notices":[],"_links":{"self":[{"href":"https:\/\/www.sisayonline.com\/es\/wp-json\/wp\/v2\/product\/7078"}],"collection":[{"href":"https:\/\/www.sisayonline.com\/es\/wp-json\/wp\/v2\/product"}],"about":[{"href":"https:\/\/www.sisayonline.com\/es\/wp-json\/wp\/v2\/types\/product"}],"replies":[{"embeddable":true,"href":"https:\/\/www.sisayonline.com\/es\/wp-json\/wp\/v2\/comments?post=7078"}],"wp:featuredmedia":[{"embeddable":true,"href":"https:\/\/www.sisayonline.com\/es\/wp-json\/wp\/v2\/media\/7079"}],"wp:attachment":[{"href":"https:\/\/www.sisayonline.com\/es\/wp-json\/wp\/v2\/media?parent=7078"}],"wp:term":[{"taxonomy":"product_cat","embeddable":true,"href":"https:\/\/www.sisayonline.com\/es\/wp-json\/wp\/v2\/product_cat?post=7078"},{"taxonomy":"product_tag","embeddable":true,"href":"https:\/\/www.sisayonline.com\/es\/wp-json\/wp\/v2\/product_tag?post=7078"}],"curies":[{"name":"wp","href":"https:\/\/api.w.org\/{rel}","templated":true}]}}