{"id":7192,"date":"2021-12-22T17:40:57","date_gmt":"2021-12-22T21:40:57","guid":{"rendered":"https:\/\/www.sisayonline.com\/?post_type=product&#038;p=7192"},"modified":"2024-06-18T11:28:39","modified_gmt":"2024-06-18T15:28:39","slug":"24-roses-bouquet","status":"publish","type":"product","link":"https:\/\/www.sisayonline.com\/es\/product\/24-roses-bouquet\/","title":{"rendered":"Ramo de 24 Rosas"},"content":{"rendered":"<p>Incluye:<\/p>\n<p>&#8211; 24 Rosas importadas<br \/>\n&#8211; Follaje verde en temporada<br \/>\n&#8211; Envoltura Deluxe<br \/>\n&#8211; Tarjeta<\/p>","protected":false},"excerpt":{"rendered":"<p>Hermoso ramo de 24 rosas blancas. Un regalo perfecto para agradar a alguien especial en cualquier ocasi\u00f3n.<\/p>\n<p><em><span style=\"color: #999999;\">Sustituciones:<\/span><\/em><br \/>\n<em><span style=\"color: #999999;\">Tenga en cuenta que las fotos y presentaci\u00f3n de los arreglos representan un estilo general, aspecto y sensaci\u00f3n que, en algunos casos, es posible que no podamos replicar de forma id\u00e9ntica (a veces tenemos que hacer sustituciones debido a la madre naturaleza), en cualquier caso \u00a1nos aseguraremos de que sus flores sean igual de hermosas, frescas y que su destinatario las adore!<\/span><\/em><\/p>\n<p>&nbsp;<\/p>\n","protected":false},"featured_media":7193,"comment_status":"closed","ping_status":"closed","template":"","meta":{"_monsterinsights_skip_tracking":false,"_monsterinsights_sitenote_active":false,"_monsterinsights_sitenote_note":"","_monsterinsights_sitenote_category":0},"product_cat":[55,56,47,59,74],"product_tag":[70,50,78,131],"aioseo_notices":[],"_links":{"self":[{"href":"https:\/\/www.sisayonline.com\/es\/wp-json\/wp\/v2\/product\/7192"}],"collection":[{"href":"https:\/\/www.sisayonline.com\/es\/wp-json\/wp\/v2\/product"}],"about":[{"href":"https:\/\/www.sisayonline.com\/es\/wp-json\/wp\/v2\/types\/product"}],"replies":[{"embeddable":true,"href":"https:\/\/www.sisayonline.com\/es\/wp-json\/wp\/v2\/comments?post=7192"}],"wp:featuredmedia":[{"embeddable":true,"href":"https:\/\/www.sisayonline.com\/es\/wp-json\/wp\/v2\/media\/7193"}],"wp:attachment":[{"href":"https:\/\/www.sisayonline.com\/es\/wp-json\/wp\/v2\/media?parent=7192"}],"wp:term":[{"taxonomy":"product_cat","embeddable":true,"href":"https:\/\/www.sisayonline.com\/es\/wp-json\/wp\/v2\/product_cat?post=7192"},{"taxonomy":"product_tag","embeddable":true,"href":"https:\/\/www.sisayonline.com\/es\/wp-json\/wp\/v2\/product_tag?post=7192"}],"curies":[{"name":"wp","href":"https:\/\/api.w.org\/{rel}","templated":true}]}}