{"id":8134,"date":"2023-01-27T18:43:17","date_gmt":"2023-01-27T22:43:17","guid":{"rendered":"https:\/\/www.sisayonline.com\/?post_type=product&#038;p=8134"},"modified":"2024-06-18T11:28:38","modified_gmt":"2024-06-18T15:28:38","slug":"romantic-day","status":"publish","type":"product","link":"https:\/\/www.sisayonline.com\/es\/product\/romantic-day\/","title":{"rendered":"Dia Romantico"},"content":{"rendered":"<p>Incluye:<\/p>\n<p>&#8211; 8 Rosas importadas.<br \/>\n&#8211; 6 Claveles<br \/>\n&#8211; Astromelias<br \/>\n&#8211; Follaje de temporada<br \/>\n&#8211; Envoltura Deluxe<br \/>\n&#8211; Tarjeta<\/p>","protected":false},"excerpt":{"rendered":"<p>Hermoso ramo de rosas, claveles y fresco follaje de temporada. Un regalo perfecto para agradar a alguien especial en cualquier ocasi\u00f3n.<\/p>\n<p><em><span style=\"color: #999999;\">Sustituciones:<\/span><\/em><br \/>\n<em><span style=\"color: #999999;\">Tenga en cuenta que las fotos y presentaci\u00f3n de los arreglos representan un estilo general, aspecto y sensaci\u00f3n que, en algunos casos, es posible que no podamos replicar de forma id\u00e9ntica (a veces tenemos que hacer sustituciones debido a la madre naturaleza), en cualquier caso \u00a1nos aseguraremos de que sus flores sean igual de hermosas, frescas y que su destinatario las adore!<\/span><\/em><\/p>\n<p>&nbsp;<\/p>\n","protected":false},"featured_media":8135,"comment_status":"closed","ping_status":"closed","template":"","meta":{"_monsterinsights_skip_tracking":false,"_monsterinsights_sitenote_active":false,"_monsterinsights_sitenote_note":"","_monsterinsights_sitenote_category":0},"product_cat":[90,55,56,47,59],"product_tag":[70,50,78,131],"aioseo_notices":[],"_links":{"self":[{"href":"https:\/\/www.sisayonline.com\/es\/wp-json\/wp\/v2\/product\/8134"}],"collection":[{"href":"https:\/\/www.sisayonline.com\/es\/wp-json\/wp\/v2\/product"}],"about":[{"href":"https:\/\/www.sisayonline.com\/es\/wp-json\/wp\/v2\/types\/product"}],"replies":[{"embeddable":true,"href":"https:\/\/www.sisayonline.com\/es\/wp-json\/wp\/v2\/comments?post=8134"}],"wp:featuredmedia":[{"embeddable":true,"href":"https:\/\/www.sisayonline.com\/es\/wp-json\/wp\/v2\/media\/8135"}],"wp:attachment":[{"href":"https:\/\/www.sisayonline.com\/es\/wp-json\/wp\/v2\/media?parent=8134"}],"wp:term":[{"taxonomy":"product_cat","embeddable":true,"href":"https:\/\/www.sisayonline.com\/es\/wp-json\/wp\/v2\/product_cat?post=8134"},{"taxonomy":"product_tag","embeddable":true,"href":"https:\/\/www.sisayonline.com\/es\/wp-json\/wp\/v2\/product_tag?post=8134"}],"curies":[{"name":"wp","href":"https:\/\/api.w.org\/{rel}","templated":true}]}}