{"id":8919,"date":"2024-01-30T09:40:39","date_gmt":"2024-01-30T13:40:39","guid":{"rendered":"https:\/\/www.sisayonline.com\/?post_type=product&#038;p=8919"},"modified":"2024-06-18T11:28:38","modified_gmt":"2024-06-18T15:28:38","slug":"15-valentine-bear-w-heart-shape-nose","status":"publish","type":"product","link":"https:\/\/www.sisayonline.com\/es\/product\/15-valentine-bear-w-heart-shape-nose\/","title":{"rendered":"Osito de peluche San Valentin 15&#8243;"},"content":{"rendered":"<p>Peluche de coraz\u00f3n color crema con nariz de coraz\u00f3n roja bordada y corazones dobles bordados en la planta del pie izquierdo. El oso tiene el interior de las orejas de color rojo s\u00f3lido y un lazo de sat\u00e9n rojo atado alrededor del cuello. Lazo de cinta f\u00e1cil de atar.<\/p>\n<p>15&#8243; de altura sentado.<\/p>","protected":false},"excerpt":{"rendered":"<p>Suave y delicado peluche de tama\u00f1o mediano. 15&#8243; Sentado<\/p>\n<p>&nbsp;<\/p>\n<p><span style=\"color: #808080;\"><em>Nota: Los productos adicionales solo se pueden comprar\u00a0 acompa\u00f1ados de un producto o arreglo floral. Si se compra sin un producto floral, es posible que el art\u00edculo no se entregue.<\/em><\/span><\/p>\n","protected":false},"featured_media":8920,"comment_status":"closed","ping_status":"closed","template":"","meta":{"_monsterinsights_skip_tracking":false,"_monsterinsights_sitenote_active":false,"_monsterinsights_sitenote_note":"","_monsterinsights_sitenote_category":0},"product_cat":[69],"product_tag":[],"aioseo_notices":[],"_links":{"self":[{"href":"https:\/\/www.sisayonline.com\/es\/wp-json\/wp\/v2\/product\/8919"}],"collection":[{"href":"https:\/\/www.sisayonline.com\/es\/wp-json\/wp\/v2\/product"}],"about":[{"href":"https:\/\/www.sisayonline.com\/es\/wp-json\/wp\/v2\/types\/product"}],"replies":[{"embeddable":true,"href":"https:\/\/www.sisayonline.com\/es\/wp-json\/wp\/v2\/comments?post=8919"}],"wp:featuredmedia":[{"embeddable":true,"href":"https:\/\/www.sisayonline.com\/es\/wp-json\/wp\/v2\/media\/8920"}],"wp:attachment":[{"href":"https:\/\/www.sisayonline.com\/es\/wp-json\/wp\/v2\/media?parent=8919"}],"wp:term":[{"taxonomy":"product_cat","embeddable":true,"href":"https:\/\/www.sisayonline.com\/es\/wp-json\/wp\/v2\/product_cat?post=8919"},{"taxonomy":"product_tag","embeddable":true,"href":"https:\/\/www.sisayonline.com\/es\/wp-json\/wp\/v2\/product_tag?post=8919"}],"curies":[{"name":"wp","href":"https:\/\/api.w.org\/{rel}","templated":true}]}}