{"id":9269,"date":"2024-06-09T17:36:49","date_gmt":"2024-06-09T21:36:49","guid":{"rendered":"https:\/\/www.sisayonline.com\/?post_type=product&#038;p=9269"},"modified":"2024-06-18T11:28:38","modified_gmt":"2024-06-18T15:28:38","slug":"membership-like-michelles","status":"publish","type":"product","link":"https:\/\/www.sisayonline.com\/es\/product\/membership-like-michelles\/","title":{"rendered":"Membres\u00eda como la de Michelle"},"content":{"rendered":"<p>La Membres\u00eda como la de Michelle vale us$67 cada mes por 3 entregas (delivery incluido).<\/p>\n<p>Michelle (pediatra) recibe de 5 a 9 tallos de flores frescas cada 10 d\u00edas para sus espacios, mejorando el ambiente y el estado de \u00e1nimo de ella y de quienes le rodean.<\/p>\n<p>Ella, a veces cambia la direcci\u00f3n de la entrega y las recibe en su consultorio y otras veces paga la diferencia para mandarlas como un regalo a alguien que cumplea\u00f1os.<\/p>\n<p>Por ser miembro tiene sus entregas regulares sin que tenga que realizar pedidos repetidos por las flores m\u00e1s frescas de la semana y le elimina la necesidad de coger los tapones de ir a comprarlas.<\/p>","protected":false},"excerpt":{"rendered":"<p>La Membres\u00eda como la de Michelle vale us$67 cada mes por 3 entregas (delivery incluido). Michelle (pediatra) recibe de 5 a 9 tallos de flores frescas cada 10 d\u00edas para sus espacios, mejorando el ambiente y el estado de \u00e1nimo de ella y de quienes le rodean. Ella, a veces cambia la direcci\u00f3n de la<br \/><a class=\"moretag\" href=\"https:\/\/www.sisayonline.com\/es\/product\/membership-like-michelles\/\">+ M\u00e1s informaci\u00f3n<\/a><\/p>\n","protected":false},"featured_media":9271,"comment_status":"closed","ping_status":"closed","template":"","meta":{"_monsterinsights_skip_tracking":false,"_monsterinsights_sitenote_active":false,"_monsterinsights_sitenote_note":"","_monsterinsights_sitenote_category":0},"product_cat":[159],"product_tag":[],"aioseo_notices":[],"_links":{"self":[{"href":"https:\/\/www.sisayonline.com\/es\/wp-json\/wp\/v2\/product\/9269"}],"collection":[{"href":"https:\/\/www.sisayonline.com\/es\/wp-json\/wp\/v2\/product"}],"about":[{"href":"https:\/\/www.sisayonline.com\/es\/wp-json\/wp\/v2\/types\/product"}],"replies":[{"embeddable":true,"href":"https:\/\/www.sisayonline.com\/es\/wp-json\/wp\/v2\/comments?post=9269"}],"wp:featuredmedia":[{"embeddable":true,"href":"https:\/\/www.sisayonline.com\/es\/wp-json\/wp\/v2\/media\/9271"}],"wp:attachment":[{"href":"https:\/\/www.sisayonline.com\/es\/wp-json\/wp\/v2\/media?parent=9269"}],"wp:term":[{"taxonomy":"product_cat","embeddable":true,"href":"https:\/\/www.sisayonline.com\/es\/wp-json\/wp\/v2\/product_cat?post=9269"},{"taxonomy":"product_tag","embeddable":true,"href":"https:\/\/www.sisayonline.com\/es\/wp-json\/wp\/v2\/product_tag?post=9269"}],"curies":[{"name":"wp","href":"https:\/\/api.w.org\/{rel}","templated":true}]}}